{"id":13148,"date":"2014-07-29T15:40:05","date_gmt":"2014-07-29T15:40:05","guid":{"rendered":"http:\/\/www.plataformaconadis.gob.ec\/diccionario\/?page_id=13148"},"modified":"2014-07-29T15:41:24","modified_gmt":"2014-07-29T15:41:24","slug":"acerca-del-diccionario","status":"publish","type":"page","link":"http:\/\/www.plataformaconadis.gob.ec\/diccionario\/?page_id=13148","title":{"rendered":"Acerca del diccionario"},"content":{"rendered":"<p>El diccionario de lengua de se\u00f1as ecuatoriano \u201cGabriel Rom\u00e1n\u201d en formato web cuenta con alrededor de 5.000 palabras del Diccionario Oficial de la Lengua de Se\u00f1as Ecuatoriana, incluye gr\u00e1ficos y videos explicativos, a trav\u00e9s de los cuales se observa la forma adecuada de articular una se\u00f1a.<\/p>\n<p>Existen 9 grupos de configuraciones de se\u00f1as con 82 variantes, cada una representa una postura de la mano, y son herramientas que apoyan la comunicaci\u00f3n.<\/p>\n<p>El conocimiento de la lengua de se\u00f1as promueve el acceso, comunicaci\u00f3n e informaci\u00f3n, motivando el inter\u00e9s del p\u00fablico a nivel nacional e internacional acerca de la comunidad sorda del Ecuador.<\/p>\n<p><strong>DESARROLLO<\/strong><\/p>\n<p>El Consejo Nacional de Igualdad de Discapacidades (CONADIS) tuvo la iniciativa de desarrollar el diccionario de lengua de se\u00f1as ecuatoriano \u201cGabriel Rom\u00e1n\u201d en formato web, para lo cual cont\u00f3 con el apoyo de la Federaci\u00f3n Nacional de Sordos del Ecuador (FENASEC), y la Universidad Tecnol\u00f3gica Indoamerica \u2013 UTI.<\/p>\n","protected":false},"excerpt":{"rendered":"<p>El diccionario de lengua de se\u00f1as ecuatoriano \u201cGabriel Rom\u00e1n\u201d en formato web cuenta con alrededor de 5.000 palabras del Diccionario Oficial de la Lengua de Se\u00f1as Ecuatoriana, incluye gr\u00e1ficos y videos explicativos, a trav\u00e9s de los cuales se observa la forma adecuada de articular una se\u00f1a. Existen 9 grupos de configuraciones de se\u00f1as con 82 [&hellip;]<\/p>\n","protected":false},"author":1,"featured_media":0,"parent":0,"menu_order":0,"comment_status":"closed","ping_status":"open","template":"","meta":[],"_links":{"self":[{"href":"http:\/\/www.plataformaconadis.gob.ec\/diccionario\/index.php?rest_route=\/wp\/v2\/pages\/13148"}],"collection":[{"href":"http:\/\/www.plataformaconadis.gob.ec\/diccionario\/index.php?rest_route=\/wp\/v2\/pages"}],"about":[{"href":"http:\/\/www.plataformaconadis.gob.ec\/diccionario\/index.php?rest_route=\/wp\/v2\/types\/page"}],"author":[{"embeddable":true,"href":"http:\/\/www.plataformaconadis.gob.ec\/diccionario\/index.php?rest_route=\/wp\/v2\/users\/1"}],"replies":[{"embeddable":true,"href":"http:\/\/www.plataformaconadis.gob.ec\/diccionario\/index.php?rest_route=%2Fwp%2Fv2%2Fcomments&post=13148"}],"version-history":[{"count":2,"href":"http:\/\/www.plataformaconadis.gob.ec\/diccionario\/index.php?rest_route=\/wp\/v2\/pages\/13148\/revisions"}],"predecessor-version":[{"id":16826,"href":"http:\/\/www.plataformaconadis.gob.ec\/diccionario\/index.php?rest_route=\/wp\/v2\/pages\/13148\/revisions\/16826"}],"wp:attachment":[{"href":"http:\/\/www.plataformaconadis.gob.ec\/diccionario\/index.php?rest_route=%2Fwp%2Fv2%2Fmedia&parent=13148"}],"curies":[{"name":"wp","href":"https:\/\/api.w.org\/{rel}","templated":true}]}}